{"id":337,"date":"2012-12-14T19:03:04","date_gmt":"2012-12-14T18:03:04","guid":{"rendered":"http:\/\/www.duocorda.ch\/dc\/?page_id=337"},"modified":"2014-08-17T20:10:45","modified_gmt":"2014-08-17T19:10:45","slug":"dvd","status":"publish","type":"page","link":"https:\/\/www.duocorda.ch\/dc\/dvd\/","title":{"rendered":"DVD"},"content":{"rendered":"<p>Am 14. Dezember 2012 ist unsere DuoCorda Tournee 2012 DVD erschienen!<br \/>\n<img loading=\"lazy\" decoding=\"async\" class=\"alignnone size-large wp-image-340\" title=\"DuoCorda_Wintergewaechs_2012\" src=\"https:\/\/www.duocorda.ch\/dc\/wp-content\/uploads\/2012\/12\/DuoCorda_Wintergewaechs_2012-1024x474.jpg\" alt=\"DuoCorda_Wintergewaechs_2012\" width=\"640\" height=\"296\" srcset=\"https:\/\/www.duocorda.ch\/dc\/wp-content\/uploads\/2012\/12\/DuoCorda_Wintergewaechs_2012-1024x474.jpg 1024w, https:\/\/www.duocorda.ch\/dc\/wp-content\/uploads\/2012\/12\/DuoCorda_Wintergewaechs_2012-300x138.jpg 300w, https:\/\/www.duocorda.ch\/dc\/wp-content\/uploads\/2012\/12\/DuoCorda_Wintergewaechs_2012.jpg 1296w\" sizes=\"auto, (max-width: 640px) 100vw, 640px\" \/><br \/>\nInhalt der DVD:<br \/>\n&#8211; Live-Mitschnitt des Konzertes vom 13. Juli 2012 in Seuzach<br \/>\n&#8211; BONUS: Portrait der Duo-Konzerte (siehe <a title=\"DVD- und Konzerteinblick DuoCorda Tournee2012 auf Vimeo\" href=\"http:\/\/vimeo.com\/53068325\" target=\"_blank\">http:\/\/vimeo.com\/53068325<\/a>)<br \/>\n&#8211; BONUS: Backstage-Einblick<br \/>\n&#8211; BONUS: im Ordner VIDEO_720p gibt es den Konzertfilm in HD<\/p>\n<p>Das Konzertprogramm:<\/p>\n<div style='font-size:10pt;'>\n<table>\n<tr>\n<td>Gabriel Faur\u00e9<\/td>\n<td>arr. DuoCorda<\/td>\n<td>Impromptu f\u00fcr Harfe solo &#8230; und Violine<\/td>\n<\/tr>\n<tr>\n<td>Theo Loevendie<\/td>\n<td>&nbsp; <\/td>\n<td>Dance f\u00fcr Violine solo<\/td>\n<\/tr>\n<tr>\n<td>B\u00e9la Bart\u00f3k &#8211; Sz\u00e9kely<\/td>\n<td>arr. DuoCorda<\/td>\n<td>Rum\u00e4nische Volkst\u00e4nze<\/td>\n<\/tr>\n<tr>\n<td>Pjotr Ilitsch Tschaikowski<\/td>\n<td>arr. DuoCorda<\/td>\n<td>Danse de la F\u00e9e Drag\u00e9e<\/td>\n<\/tr>\n<tr>\n<td>Claude Debussy<\/td>\n<td>arr. Van Oosten<\/td>\n<td>Danse<\/td>\n<\/tr>\n<tr>\n<td>Camille Saint-Sa\u00ebns<\/td>\n<td>&nbsp; <\/td>\n<td>Fantaisie Op. 124<\/td>\n<\/tr>\n<tr>\n<td>Hans Kox<\/td>\n<td>&nbsp; <\/td>\n<td>Cyclophony XIV &#8211; The Birds of Aengus<\/td>\n<\/tr>\n<tr>\n<td>Johannes Brahms<\/td>\n<td>arr. DuoCorda<\/td>\n<td>Ungarischer Tanz Nr. 1<\/td>\n<\/tr>\n<\/table>\n<\/div>\n<p>Weitere Informationen siehe <a href='http:\/\/www.duocorda.ch\/DuoCorda_DVD2012_Booklet.pdf' target='_blank'>Booklet der DVD<\/a> [PDF, 3.43 MB]<\/p>\n<p>\nDer Live-Mitschnitt auf der DVD ist genauso eindr\u00fccklich wie ein Konzertbesuch: nat\u00fcrlich fehlt die Konzertsaal-Atmosph\u00e4re, daf\u00fcr gibt es jedoch neue Sichtwinkel zu entdecken und auch das Kaleidoskop sehen Sie zeitweise im Einsatz, ganz aus der N\u00e4he betrachtet!<\/p>\n<p>Die DuoCorda Tournee 2012 DVD k\u00f6nnen Sie zu CHF 30.- inkl. CH-Versand bestellen. Ein kurzes Mail an dvd -AT- duocorda.ch gen\u00fcgt. Ab drei Exemplaren gibt es 5.- Rabatt pro bestellte DVD.<\/p>\n<p>Alternativ bieten wir eine bequeme Online-Bestellung mit Paypal\/Kreditkartenzahlung an. Die Spesen m\u00fcssen wir weiterverrechnen. Bitte w\u00e4hlen Sie die Anzahl DVDs aus und klicken Sie auf &#8222;DVD online bezahlen&#8220;. <br \/>\n1. Auf der neuen (gesch\u00fctzten) Seite werden die \u00fcblichen Informationen gefragt. <br \/>\n2. Auf der zweiten Seite k\u00f6nnen Sie eine &#8222;Mitteilung an das DuoCorda&#8220; hinterlassen. <br \/>\n3. Auf der dritten Seite k\u00f6nnen Sie mit &#8222;Nein danke&#8220; bezahlen <span style=\"text-decoration: underline;\">ohne<\/span> ein PayPal Konto zu er\u00f6ffnen.<\/p>\n<form target=\"paypal\" action=\"https:\/\/www.paypal.com\/cgi-bin\/webscr\" method=\"post\">\n<input type=\"hidden\" name=\"cmd\" value=\"_s-xclick\"><br \/>\n<input type=\"hidden\" name=\"hosted_button_id\" value=\"U4KNQ48SL6F4W\"><\/p>\n<table>\n<tr>\n<td><input type=\"hidden\" name=\"on0\" value=\"Anzahl\">Anzahl<\/td>\n<\/tr>\n<tr>\n<td><select name=\"os0\"><option value=\"1 DVD\">1 DVD 32.00 CHF<\/option><option value=\"2 DVDs\">2 DVDs 63.00 CHF<\/option><option value=\"3 DVDs\">3 DVDs 78.00 CHF<\/option><option value=\"4 DVDs\">4 DVDs 104.00 CHF<\/option><\/select> <\/td>\n<\/tr>\n<\/table>\n<p><input type=\"hidden\" name=\"currency_code\" value=\"CHF\"><br \/>\n<input type=\"image\" src=\"http:\/\/www.duocorda.ch\/DuoCorda_DVD_kaufen.jpg\" border=\"0\" name=\"submit\" alt=\"Jetzt einfach, schnell und sicher online bezahlen \u2013 mit PayPal.\"><br \/>\n<img loading=\"lazy\" decoding=\"async\" alt=\"\" border=\"0\" src=\"https:\/\/www.paypalobjects.com\/de_DE\/i\/scr\/pixel.gif\" width=\"1\" height=\"1\"><br \/>\n<\/form>\n","protected":false},"excerpt":{"rendered":"<p>Am 14. Dezember 2012 ist unsere DuoCorda Tournee 2012 DVD erschienen! Inhalt der DVD: &#8211; Live-Mitschnitt des Konzertes vom 13. Juli 2012 in Seuzach &#8211; BONUS: Portrait der Duo-Konzerte (siehe http:\/\/vimeo.com\/53068325) &#8211; BONUS: Backstage-Einblick &#8211; BONUS: im Ordner VIDEO_720p gibt &hellip; <a href=\"https:\/\/www.duocorda.ch\/dc\/dvd\/\">Weiterlesen <span class=\"meta-nav\">&rarr;<\/span><\/a><\/p>\n","protected":false},"author":1,"featured_media":0,"parent":0,"menu_order":0,"comment_status":"closed","ping_status":"closed","template":"","meta":{"footnotes":""},"class_list":["post-337","page","type-page","status-publish","hentry"],"_links":{"self":[{"href":"https:\/\/www.duocorda.ch\/dc\/wp-json\/wp\/v2\/pages\/337","targetHints":{"allow":["GET"]}}],"collection":[{"href":"https:\/\/www.duocorda.ch\/dc\/wp-json\/wp\/v2\/pages"}],"about":[{"href":"https:\/\/www.duocorda.ch\/dc\/wp-json\/wp\/v2\/types\/page"}],"author":[{"embeddable":true,"href":"https:\/\/www.duocorda.ch\/dc\/wp-json\/wp\/v2\/users\/1"}],"replies":[{"embeddable":true,"href":"https:\/\/www.duocorda.ch\/dc\/wp-json\/wp\/v2\/comments?post=337"}],"version-history":[{"count":13,"href":"https:\/\/www.duocorda.ch\/dc\/wp-json\/wp\/v2\/pages\/337\/revisions"}],"predecessor-version":[{"id":507,"href":"https:\/\/www.duocorda.ch\/dc\/wp-json\/wp\/v2\/pages\/337\/revisions\/507"}],"wp:attachment":[{"href":"https:\/\/www.duocorda.ch\/dc\/wp-json\/wp\/v2\/media?parent=337"}],"curies":[{"name":"wp","href":"https:\/\/api.w.org\/{rel}","templated":true}]}}